{"id":67,"date":"2025-10-17T16:35:00","date_gmt":"2025-10-17T16:35:00","guid":{"rendered":"https:\/\/sanatatedefidusia.ro\/en\/home\/"},"modified":"2025-11-12T09:39:24","modified_gmt":"2025-11-12T09:39:24","slug":"home","status":"publish","type":"page","link":"https:\/\/sanatatedefidusia.ro\/en\/","title":{"rendered":"Home"},"content":{"rendered":"<section class=\"l-section wpb_row us_custom_278d8c57 height_medium width_full\"><div class=\"l-section-h i-cf\"><div class=\"g-cols vc_row via_flex valign_top type_default stacking_default\"><div class=\"vc_col-sm-12 wpb_column vc_column_container\"><div class=\"vc_column-inner\"><div class=\"wpb_wrapper\">\n\t\t\t\t<p class=\"rs-p-wp-fix\"><\/p>\n\t\t\t\t<sr7-module data-alias=\"slider-1\" data-id=\"1\" id=\"SR7_1_1\" class=\"rs-ov-hidden\" data-version=\"6.7.41\">\n\t\t\t\t\t<sr7-adjuster><\/sr7-adjuster>\n\t\t\t\t\t<sr7-content>\n\t\t\t\t\t\t<sr7-slide id=\"SR7_1_1-1\" data-key=\"1\">\n\t\t\t\t\t\t\t<sr7-txt id=\"SR7_1_1-1-6\" class=\"sr7-layer\">The authentic taste, delivered reliably.<\/sr7-txt>\n\t\t\t\t\t\t\t<sr7-txt id=\"SR7_1_1-1-7\" class=\"sr7-layer\">Trust in every drop and crumb. The short chain of excellence.<\/sr7-txt>\n\t\t\t\t\t\t\t<a id=\"SR7_1_1-1-8\" class=\"sr7-layer\" href=\"https:\/\/sanatatedefidusia.ro\/en\/produse\/\" target=\"_self\">Discover our flavors.<\/a>\n\t\t\t\t\t\t<\/sr7-slide>\n\t\t\t\t\t\t<sr7-slide id=\"SR7_1_1-3\" data-key=\"3\">\n\t\t\t\t\t\t\t<sr7-txt id=\"SR7_1_1-3-6\" class=\"sr7-layer\">Gustul autentic, livrat cu \u00eencredere<\/sr7-txt>\n\t\t\t\t\t\t\t<sr7-txt id=\"SR7_1_1-3-7\" class=\"sr7-layer\">Fidusia \u00een fiecare pic\u0103tur\u0103 \u0219i f\u0103r\u00e2m\u0103. Lan\u021bul scurt al excelen\u021bei.<\/sr7-txt>\n\t\t\t\t\t\t\t<a id=\"SR7_1_1-3-8\" class=\"sr7-layer\" href=\"https:\/\/sanatatedefidusia.ro\/en\/produse\/\" target=\"_self\">Descoper\u0103 Aromele Noastre<\/a>\n\t\t\t\t\t\t<\/sr7-slide>\n\t\t\t\t\t\t<sr7-slide id=\"SR7_1_1-2\" data-key=\"2\">\n\t\t\t\t\t\t<\/sr7-slide>\n\t\t\t\t\t<\/sr7-content>\n\t\t\t\t\t<image_lists style=\"display:none\">\n\t\t\t\t\t\t<img data-src=\"\/\/sanatatedefidusia.ro\/en\/wp-content\/uploads\/2025\/10\/1Image.webp\" data-libid=\"89\" data-lib=\"medialibrary\" title=\"1Image\" width=\"0\" height=\"0\" data-dbsrc=\"Ly9zYW5hdGF0ZWRlZmlkdXNpYS5yby9lbi93cC1jb250ZW50L3VwbG9hZHMvMjAyNS8xMC8xSW1hZ2Uud2VicA==\"\/>\n\t\t\t\t\t\t<img data-src=\"\/\/sanatatedefidusia.ro\/en\/wp-content\/uploads\/2025\/10\/1Group.png\" data-libid=\"91\" data-lib=\"medialibrary\" title=\"1Group\" width=\"0\" height=\"0\" data-dbsrc=\"Ly9zYW5hdGF0ZWRlZmlkdXNpYS5yby9lbi93cC1jb250ZW50L3VwbG9hZHMvMjAyNS8xMC8xR3JvdXAucG5n\"\/>\n\t\t\t\t\t\t<img data-src=\"\/\/sanatatedefidusia.ro\/en\/wp-content\/uploads\/2025\/10\/1Vector.png\" data-libid=\"92\" data-lib=\"medialibrary\" title=\"1Vector\" width=\"0\" height=\"0\" data-dbsrc=\"Ly9zYW5hdGF0ZWRlZmlkdXNpYS5yby9lbi93cC1jb250ZW50L3VwbG9hZHMvMjAyNS8xMC8xVmVjdG9yLnBuZw==\"\/>\n\t\t\t\t\t\t<img data-src=\"\/\/sanatatedefidusia.ro\/en\/wp-content\/uploads\/2025\/10\/Vector.png\" data-libid=\"93\" data-lib=\"medialibrary\" title=\"Vector\" width=\"0\" height=\"0\" data-dbsrc=\"Ly9zYW5hdGF0ZWRlZmlkdXNpYS5yby9lbi93cC1jb250ZW50L3VwbG9hZHMvMjAyNS8xMC9WZWN0b3IucG5n\"\/>\n\t\t\t\t\t\t<img data-src=\"\/\/sanatatedefidusia.ro\/en\/wp-content\/uploads\/2025\/10\/uleiImage.webp\" data-libid=\"260\" data-lib=\"medialibrary\" title=\"uleiImage\" width=\"0\" height=\"0\" data-dbsrc=\"Ly9zYW5hdGF0ZWRlZmlkdXNpYS5yby9lbi93cC1jb250ZW50L3VwbG9hZHMvMjAyNS8xMC91bGVpSW1hZ2Uud2VicA==\"\/>\n\t\t\t\t\t<\/image_lists>\n\t\t\t\t<\/sr7-module>\n\t\t\t\t<script>\n\t\t\t\t\tSR7.PMH ??={}; SR7.PMH[\"SR7_1_1\"] = {cn:100,state:false,fn: function() { if (_tpt!==undefined && _tpt.prepareModuleHeight !== undefined) {  _tpt.prepareModuleHeight({id:\"SR7_1_1\",el:[900,900,768,960,720],type:'standard',shdw:'0',gh:[900,900,743,565,349],gw:[1240,1240,1024,778,480],vpt:['-100px'],size:{fullWidth:true, fullHeight:false},mh:'0',onh:0,onw:0,bg:{color:'{\"orig\":\"transparent\",\"type\":\"solid\",\"string\":\"transparent\"}'}});   SR7.PMH[\"SR7_1_1\"].state=true;} else if(SR7.PMH[\"SR7_1_1\"].cn-->0)\tsetTimeout( SR7.PMH[\"SR7_1_1\"].fn,19);}};SR7.PMH[\"SR7_1_1\" ].fn();\n\t\t\t\t<\/script>\n<\/div><\/div><\/div><\/div><\/div><\/section><section class=\"l-section wpb_row texturetop1 negative productslider greenrightbot height_medium\"><div class=\"l-section-h i-cf\"><div class=\"g-cols vc_row via_flex valign_top type_default stacking_default\"><div class=\"vc_col-sm-12 wpb_column vc_column_container\"><div class=\"vc_column-inner\"><div class=\"wpb_wrapper\"><div class=\"wpb_text_column us_custom_f029a2ba maxw700\"><div class=\"wpb_wrapper\"><p style=\"text-align: center;\"><span class=\"preh2\">Our Products<\/span><\/p>\n<h1 style=\"text-align: center;\">We invite you to discover our range of products<\/h1>\n<\/div><\/div><div class=\"w-content-carousel items_1 produse1\"><div class=\"owl-carousel valign_stretch dotstyle_circle navstyle_circle navpos_outside owl-responsive-2000 with_dots\" style=\"--items-gap:30px;--transition-duration:350ms;\" onclick=\"return {&quot;aria_labels&quot;:{&quot;prev&quot;:&quot;Previous&quot;,&quot;next&quot;:&quot;Next&quot;},&quot;autoplayContinual&quot;:false,&quot;autoplayHoverPause&quot;:false,&quot;autoplayTimeout&quot;:3000,&quot;autoWidth&quot;:false,&quot;smartSpeed&quot;:350,&quot;margin&quot;:30,&quot;mouseDrag&quot;:true,&quot;rtl&quot;:false,&quot;slideBy&quot;:&quot;1&quot;,&quot;touchDrag&quot;:true,&quot;slideTransition&quot;:&quot;&quot;,&quot;responsive&quot;:{&quot;0&quot;:{&quot;autoHeight&quot;:false,&quot;autoplay&quot;:false,&quot;autoWidth&quot;:false,&quot;center&quot;:false,&quot;dots&quot;:true,&quot;items&quot;:1,&quot;loop&quot;:false,&quot;nav&quot;:false,&quot;stagePadding&quot;:0,&quot;slideBy&quot;:&quot;1&quot;},&quot;675&quot;:{&quot;autoHeight&quot;:false,&quot;autoplay&quot;:false,&quot;autoWidth&quot;:false,&quot;center&quot;:false,&quot;dots&quot;:true,&quot;items&quot;:1,&quot;loop&quot;:false,&quot;nav&quot;:false,&quot;stagePadding&quot;:0}}}\"><div class=\"g-cols wpb_row produse2 via_flex valign_top type_default stacking_default\"><div class=\"vc_col-sm-6 wpb_column vc_column_container txt\"><div class=\"vc_column-inner\"><div class=\"wpb_wrapper\"><div class=\"wpb_text_column btn2\"><div class=\"wpb_wrapper\"><p><a href=\"https:\/\/sanatatedefidusia.ro\/en\/product-category\/ulei\/\">PREMIUM OILS<\/a> <a href=\"https:\/\/sanatatedefidusia.ro\/en\/product-category\/halva\/\">ARTISANAL HALVA<\/a><\/p>\n<\/div><\/div><div class=\"wpb_text_column btn1\"><div class=\"wpb_wrapper\"><h3>The Essence of the Earth<\/h3>\n<p>Cold-pressed oils, preserving all natural vitamins and flavors. Ideal for a healthy lifestyle.<\/p>\n<p><a href=\"https:\/\/sanatatedefidusia.ro\/en\/product-category\/ulei\/\">Details<\/a><\/p>\n<\/div><\/div><\/div><\/div><\/div><div class=\"vc_col-sm-6 wpb_column vc_column_container img\"><div class=\"vc_column-inner\"><div class=\"wpb_wrapper\"><div class=\"wpb_text_column\"><div class=\"wpb_wrapper\"><p><img loading=\"lazy\" decoding=\"async\" class=\"alignnone size-full wp-image-104\" src=\"https:\/\/sanatatedefidusia.ro\/en\/wp-content\/uploads\/2025\/10\/ulei.webp\" alt=\"\" width=\"536\" height=\"502\" srcset=\"https:\/\/sanatatedefidusia.ro\/en\/wp-content\/uploads\/2025\/10\/ulei.webp 536w, https:\/\/sanatatedefidusia.ro\/en\/wp-content\/uploads\/2025\/10\/ulei-300x281.webp 300w\" sizes=\"auto, (max-width: 536px) 100vw, 536px\" \/><\/p>\n<\/div><\/div><\/div><\/div><\/div><\/div><div class=\"g-cols wpb_row produse2 via_flex valign_top type_default stacking_default\"><div class=\"vc_col-sm-6 wpb_column vc_column_container txt\"><div class=\"vc_column-inner\"><div class=\"wpb_wrapper\"><div class=\"wpb_text_column btn2\"><div class=\"wpb_wrapper\"><p><a href=\"https:\/\/sanatatedefidusia.ro\/en\/product-category\/ulei\/\">PREMIUM OILS<\/a> <a href=\"https:\/\/sanatatedefidusia.ro\/en\/product-category\/halva\/\">ARTISANAL HALVA<\/a><\/p>\n<\/div><\/div><div class=\"wpb_text_column btn1\"><div class=\"wpb_wrapper\"><h3>The Essence of the Earth<\/h3>\n<p>Cold-pressed oils, preserving all natural vitamins and flavors. Ideal for a healthy lifestyle.<\/p>\n<p><a href=\"https:\/\/sanatatedefidusia.ro\/en\/product-category\/ulei\/\">Details<\/a><\/p>\n<\/div><\/div><\/div><\/div><\/div><div class=\"vc_col-sm-6 wpb_column vc_column_container img\"><div class=\"vc_column-inner\"><div class=\"wpb_wrapper\"><div class=\"wpb_text_column\"><div class=\"wpb_wrapper\"><p><img loading=\"lazy\" decoding=\"async\" class=\"alignnone size-full wp-image-104\" src=\"https:\/\/sanatatedefidusia.ro\/en\/wp-content\/uploads\/2025\/10\/ulei.webp\" alt=\"\" width=\"536\" height=\"502\" srcset=\"https:\/\/sanatatedefidusia.ro\/en\/wp-content\/uploads\/2025\/10\/ulei.webp 536w, https:\/\/sanatatedefidusia.ro\/en\/wp-content\/uploads\/2025\/10\/ulei-300x281.webp 300w\" sizes=\"auto, (max-width: 536px) 100vw, 536px\" \/><\/p>\n<\/div><\/div><\/div><\/div><\/div><\/div><\/div><\/div><\/div><\/div><\/div><\/div><\/div><\/section><section class=\"l-section wpb_row imgleft1 height_medium\"><div class=\"l-section-h i-cf\"><div class=\"g-cols vc_row via_flex valign_top type_default stacking_default\"><div class=\"vc_col-sm-5 wpb_column vc_column_container\"><div class=\"vc_column-inner\"><div class=\"wpb_wrapper\"><div class=\"wpb_text_column\"><div class=\"wpb_wrapper\"><p><img loading=\"lazy\" decoding=\"async\" class=\"alignnone size-full wp-image-177\" src=\"https:\/\/sanatatedefidusia.ro\/en\/wp-content\/uploads\/2025\/10\/imgleftImage.webp\" alt=\"\" width=\"619\" height=\"690\" srcset=\"https:\/\/sanatatedefidusia.ro\/en\/wp-content\/uploads\/2025\/10\/imgleftImage.webp 619w, https:\/\/sanatatedefidusia.ro\/en\/wp-content\/uploads\/2025\/10\/imgleftImage-269x300.webp 269w, https:\/\/sanatatedefidusia.ro\/en\/wp-content\/uploads\/2025\/10\/imgleftImage-600x669.webp 600w\" sizes=\"auto, (max-width: 619px) 100vw, 619px\" \/><\/p>\n<\/div><\/div><\/div><\/div><\/div><div class=\"vc_col-sm-7 wpb_column vc_column_container\"><div class=\"vc_column-inner us_custom_0d6f56bb us_animate_this\"><div class=\"wpb_wrapper\"><div class=\"wpb_text_column\"><div class=\"wpb_wrapper\"><p><span class=\"preh1\">Quality Born from Tradition and Innovation<\/span><\/p>\n<h2>We are dedicated to creating the authentic taste of our products, combining traditional recipes with the power of modern technology.<\/h2>\n<p>We use state-of-the-art equipment to ensure that every batch of oil is cold-pressed with optimal precision, preserving its natural nutrients and pure aroma. Likewise, our halva is crafted through rigorous processes, maintaining its fine texture and perfect sweetness balance \u2014 just like decades ago, but with the safety and efficiency of the 21st century.<br \/>\nOur goal is simple: to bring to your table products with a refined, original taste and complete traceability, from local raw materials to the final packaging.<\/p>\n<\/div><\/div><\/div><\/div><\/div><\/div><\/div><\/section><section class=\"l-section wpb_row imgleft2 height_medium\"><div class=\"l-section-h i-cf\"><div class=\"g-cols vc_row via_flex valign_top type_default stacking_default\"><div class=\"vc_col-sm-6 wpb_column vc_column_container\"><div class=\"vc_column-inner us_custom_dbc99d90 us_animate_this\"><div class=\"wpb_wrapper\"><div class=\"wpb_text_column\"><div class=\"wpb_wrapper\"><p><span class=\"preh1\">Project title:<\/span><\/p>\n<\/div><\/div><div class=\"wpb_text_column shadow\"><div class=\"wpb_wrapper\"><p>Promotion carried out within the project \u201cEstablishing a local market exclusively through short supply chains for the project \u2018S\u0103n\u0103tate de Fidusia\u2019,\u201d financed by the European Union and the Government of Romania through the National Rural Development Program 2014\u20132020, Sub-measure 16.4.<\/p>\n<\/div><\/div><\/div><\/div><\/div><div class=\"vc_col-sm-6 wpb_column vc_column_container\"><div class=\"vc_column-inner\"><div class=\"wpb_wrapper\"><div class=\"wpb_text_column\"><div class=\"wpb_wrapper\"><p><img loading=\"lazy\" decoding=\"async\" class=\"alignnone size-full wp-image-181\" src=\"https:\/\/sanatatedefidusia.ro\/en\/wp-content\/uploads\/2025\/10\/proiectImage.webp\" alt=\"\" width=\"590\" height=\"544\" srcset=\"https:\/\/sanatatedefidusia.ro\/en\/wp-content\/uploads\/2025\/10\/proiectImage.webp 590w, https:\/\/sanatatedefidusia.ro\/en\/wp-content\/uploads\/2025\/10\/proiectImage-300x277.webp 300w\" sizes=\"auto, (max-width: 590px) 100vw, 590px\" \/><\/p>\n<\/div><\/div><\/div><\/div><\/div><\/div><\/div><\/section><section class=\"l-section wpb_row banner1 height_medium\"><div class=\"l-section-h i-cf\"><div class=\"g-cols vc_row via_flex valign_top type_default stacking_default\"><div class=\"vc_col-sm-12 wpb_column vc_column_container\"><div class=\"vc_column-inner\"><div class=\"wpb_wrapper\"><\/div><\/div><\/div><\/div><\/div><\/section><section class=\"l-section wpb_row columns1 height_medium\"><div class=\"l-section-h i-cf\"><div class=\"g-cols vc_row via_flex valign_top type_default stacking_default\"><div class=\"vc_col-sm-12 wpb_column vc_column_container\"><div class=\"vc_column-inner\"><div class=\"wpb_wrapper\"><div class=\"wpb_text_column us_custom_8ee8f29b us_animate_this\"><div class=\"wpb_wrapper\"><h2 style=\"text-align: center;\">From the Source Directly to Your Table<\/h2>\n<\/div><\/div><div class=\"g-cols wpb_row via_flex valign_top type_default stacking_default\"><div class=\"vc_col-sm-4 wpb_column vc_column_container\"><div class=\"vc_column-inner us_custom_a7a8b84b us_animate_this\"><div class=\"wpb_wrapper\"><div class=\"wpb_text_column\"><div class=\"wpb_wrapper\"><p><img loading=\"lazy\" decoding=\"async\" class=\"alignnone size-full wp-image-186\" src=\"https:\/\/sanatatedefidusia.ro\/en\/wp-content\/uploads\/2025\/10\/locala.png\" alt=\"\" width=\"74\" height=\"75\" \/><\/p>\n<h3>Local Processing<\/h3>\n<p>We produce and package directly in Satu Mare County, with respect for the raw materials.<\/p>\n<\/div><\/div><\/div><\/div><\/div><div class=\"vc_col-sm-4 wpb_column vc_column_container\"><div class=\"vc_column-inner us_custom_60e9caca us_animate_this\"><div class=\"wpb_wrapper\"><div class=\"wpb_text_column\"><div class=\"wpb_wrapper\"><p><img loading=\"lazy\" decoding=\"async\" class=\"alignnone size-full wp-image-187\" src=\"https:\/\/sanatatedefidusia.ro\/en\/wp-content\/uploads\/2025\/10\/scurt.png\" alt=\"\" width=\"82\" height=\"83\" \/><\/p>\n<h3>Short Chain<\/h3>\n<p>No intermediaries. Quality reaches you quickly, without losing freshness.<\/p>\n<\/div><\/div><\/div><\/div><\/div><div class=\"vc_col-sm-4 wpb_column vc_column_container\"><div class=\"vc_column-inner us_custom_710e7360 us_animate_this\"><div class=\"wpb_wrapper\"><div class=\"wpb_text_column\"><div class=\"wpb_wrapper\"><p><img loading=\"lazy\" decoding=\"async\" class=\"alignnone size-full wp-image-188\" src=\"https:\/\/sanatatedefidusia.ro\/en\/wp-content\/uploads\/2025\/10\/control.png\" alt=\"\" width=\"74\" height=\"75\" \/><\/p>\n<h3>Rigorous Control<\/h3>\n<p>We test every batch to ensure you receive only premium-quality products.<\/p>\n<\/div><\/div><\/div><\/div><\/div><\/div><\/div><\/div><\/div><\/div><\/div><\/section><section class=\"l-section wpb_row us_custom_944ee102 cta1 height_medium\"><div class=\"l-section-h i-cf\"><div class=\"g-cols vc_row via_flex valign_top type_default stacking_default\"><div class=\"vc_col-sm-6 wpb_column vc_column_container\"><div class=\"vc_column-inner\"><div class=\"wpb_wrapper\"><\/div><\/div><\/div><div class=\"vc_col-sm-6 wpb_column vc_column_container\"><div class=\"vc_column-inner\"><div class=\"wpb_wrapper\"><div class=\"wpb_text_column us_custom_60e9caca us_animate_this\"><div class=\"wpb_wrapper\"><p><span class=\"preh1\">Contact Our Team<\/span><\/p>\n<div class='fluentform ff-default fluentform_wrapper_3 ffs_default_wrap'><form data-form_id=\"3\" id=\"fluentform_3\" class=\"frm-fluent-form fluent_form_3 ff-el-form-top ff_form_instance_3_1 ff-form-loading ff_has_v3_recptcha ffs_default\" data-form_instance=\"ff_form_instance_3_1\" method=\"POST\" data-recptcha_key=\"6Lflke4rAAAAAHRTmnJJEe0LgswMzN6KiYMRxRjE\" ><fieldset  style=\"border: none!important;margin: 0!important;padding: 0!important;background-color: transparent!important;box-shadow: none!important;outline: none!important; min-inline-size: 100%;\">\n                    <legend class=\"ff_screen_reader_title\" style=\"display: block; margin: 0!important;padding: 0!important;height: 0!important;text-indent: -999999px;width: 0!important;overflow:hidden;\">CTA RO<\/legend><input type='hidden' name='__fluent_form_embded_post_id' value='67' \/><input type=\"hidden\" id=\"_fluentform_3_fluentformnonce\" name=\"_fluentform_3_fluentformnonce\" value=\"0e9a131450\" \/><input type=\"hidden\" name=\"_wp_http_referer\" value=\"\/en\/wp-json\/wp\/v2\/pages\/67\" \/><div class='ff-el-group ff-el-form-hide_label'><div class=\"ff-el-input--label ff-el-is-required asterisk-right\"><label for='ff_3_input_text' id='label_ff_3_input_text' aria-label=\"Name\">Name<\/label><\/div><div class='ff-el-input--content'><input type=\"text\" name=\"input_text\" class=\"ff-el-form-control\" placeholder=\"Name*\" data-name=\"input_text\" id=\"ff_3_input_text\"  aria-invalid=\"false\" aria-required=true><\/div><\/div><div class='ff-el-group ff-el-form-hide_label'><div class=\"ff-el-input--label ff-el-is-required asterisk-right\"><label for='ff_3_email' id='label_ff_3_email' aria-label=\"Email\">Email<\/label><\/div><div class='ff-el-input--content'><input type=\"email\" name=\"email\" id=\"ff_3_email\" class=\"ff-el-form-control\" placeholder=\"Email*\" data-name=\"email\"  aria-invalid=\"false\" aria-required=true><\/div><\/div><div class='ff-el-group ff-el-form-hide_label'><div class=\"ff-el-input--label asterisk-right\"><label for='ff_3_input_text_1' id='label_ff_3_input_text_1' aria-label=\"Telefon\">Telefon<\/label><\/div><div class='ff-el-input--content'><input type=\"text\" name=\"input_text_1\" class=\"ff-el-form-control\" placeholder=\"Telephone\" data-name=\"input_text_1\" id=\"ff_3_input_text_1\"  aria-invalid=\"false\" aria-required=false><\/div><\/div><div class='ff-el-group ff-el-form-hide_label'><div class=\"ff-el-input--label asterisk-right\"><label for='ff_3_description' id='label_ff_3_description' aria-label=\"Message\">Message<\/label><\/div><div class='ff-el-input--content'><textarea aria-required=\"false\" aria-labelledby=\"label_ff_3_description\" name=\"description\" id=\"ff_3_description\" class=\"ff-el-form-control\" placeholder=\"Message\" rows=\"3\" cols=\"1\" data-name=\"description\" ><\/textarea><\/div><\/div><div class='ff-el-group ff-text-left ff_submit_btn_wrapper'><button type=\"submit\" class=\"ff-btn ff-btn-submit ff-btn-md ff_btn_style\"  aria-label=\"Send\">Send<\/button><\/div><\/fieldset><\/form><div id='fluentform_3_errors' class='ff-errors-in-stack ff_form_instance_3_1 ff-form-loading_errors ff_form_instance_3_1_errors'><\/div><\/div>            <script type=\"text\/javascript\">\n                window.fluent_form_ff_form_instance_3_1 = {\"id\":\"3\",\"settings\":{\"layout\":{\"labelPlacement\":\"top\",\"asteriskPlacement\":\"asterisk-right\",\"helpMessagePlacement\":\"with_label\",\"errorMessagePlacement\":\"inline\",\"cssClassName\":\"\"},\"restrictions\":{\"denyEmptySubmission\":{\"enabled\":false}}},\"form_instance\":\"ff_form_instance_3_1\",\"form_id_selector\":\"fluentform_3\",\"rules\":{\"input_text\":{\"required\":{\"value\":true,\"message\":\"This field is required\",\"global_message\":\"This field is required\",\"global\":true}},\"email\":{\"required\":{\"value\":true,\"message\":\"This field is required\",\"global_message\":\"This field is required\",\"global\":true},\"email\":{\"value\":true,\"message\":\"This field must contain a valid email\",\"global_message\":\"This field must contain a valid email\",\"global\":true}},\"input_text_1\":{\"required\":{\"value\":false,\"message\":\"This field is required\",\"global_message\":\"This field is required\",\"global\":true}},\"description\":{\"required\":{\"value\":false,\"message\":\"This field is required\",\"global_message\":\"This field is required\",\"global\":true}},\"g-recaptcha-response\":[]},\"debounce_time\":300};\n                            <\/script>\n            \n<\/div><\/div><\/div><\/div><\/div><\/div><\/div><\/section>\n","protected":false},"excerpt":{"rendered":"The authentic taste, delivered reliably. Trust in every drop and crumb. The short chain of excellence. Discover our flavors. Gustul autentic, livrat cu \u00eencredere Fidusia \u00een fiecare pic\u0103tur\u0103 \u0219i f\u0103r\u00e2m\u0103. Lan\u021bul scurt al excelen\u021bei. Descoper\u0103 Aromele Noastre Our Products We invite you to discover our range of products PREMIUM OILS ARTISANAL HALVA The Essence of...","protected":false},"author":1,"featured_media":0,"parent":0,"menu_order":10,"comment_status":"closed","ping_status":"closed","template":"","meta":{"footnotes":""},"class_list":["post-67","page","type-page","status-publish","hentry"],"_links":{"self":[{"href":"https:\/\/sanatatedefidusia.ro\/en\/wp-json\/wp\/v2\/pages\/67","targetHints":{"allow":["GET"]}}],"collection":[{"href":"https:\/\/sanatatedefidusia.ro\/en\/wp-json\/wp\/v2\/pages"}],"about":[{"href":"https:\/\/sanatatedefidusia.ro\/en\/wp-json\/wp\/v2\/types\/page"}],"author":[{"embeddable":true,"href":"https:\/\/sanatatedefidusia.ro\/en\/wp-json\/wp\/v2\/users\/1"}],"replies":[{"embeddable":true,"href":"https:\/\/sanatatedefidusia.ro\/en\/wp-json\/wp\/v2\/comments?post=67"}],"version-history":[{"count":23,"href":"https:\/\/sanatatedefidusia.ro\/en\/wp-json\/wp\/v2\/pages\/67\/revisions"}],"predecessor-version":[{"id":285,"href":"https:\/\/sanatatedefidusia.ro\/en\/wp-json\/wp\/v2\/pages\/67\/revisions\/285"}],"wp:attachment":[{"href":"https:\/\/sanatatedefidusia.ro\/en\/wp-json\/wp\/v2\/media?parent=67"}],"curies":[{"name":"wp","href":"https:\/\/api.w.org\/{rel}","templated":true}]}}